{"id":1745,"date":"2024-06-03T14:08:33","date_gmt":"2024-06-03T12:08:33","guid":{"rendered":"https:\/\/nonprofitpartner.hu\/cikkeink\/"},"modified":"2024-10-29T16:53:15","modified_gmt":"2024-10-29T15:53:15","slug":"articles","status":"publish","type":"page","link":"https:\/\/nonprofitpartner.hu\/en\/articles\/","title":{"rendered":"Articles"},"content":{"rendered":"\t\t<div data-elementor-type=\"wp-page\" data-elementor-id=\"1745\" class=\"elementor elementor-1745 elementor-65\" data-elementor-post-type=\"page\">\n\t\t\t\t<div class=\"elementor-element elementor-element-3e84141 e-flex e-con-boxed e-con e-parent\" data-id=\"3e84141\" data-element_type=\"container\">\n\t\t\t\t\t<div class=\"e-con-inner\">\n\t\t\t\t<div class=\"elementor-element elementor-element-4ed50dd elementor-widget elementor-widget-text-editor\" data-id=\"4ed50dd\" data-element_type=\"widget\" data-widget_type=\"text-editor.default\">\n\t\t\t\t<div class=\"elementor-widget-container\">\n\t\t\t\t\t\t\t\t\t<h1>Articles<\/h1>\t\t\t\t\t\t\t\t<\/div>\n\t\t\t\t<\/div>\n\t\t\t\t<div class=\"elementor-element elementor-element-6bad663 cikkek elementor-grid-3 elementor-grid-tablet-2 elementor-grid-mobile-1 elementor-posts--thumbnail-top elementor-widget elementor-widget-posts\" data-id=\"6bad663\" data-element_type=\"widget\" data-settings=\"{&quot;classic_row_gap&quot;:{&quot;unit&quot;:&quot;px&quot;,&quot;size&quot;:40,&quot;sizes&quot;:[]},&quot;pagination_type&quot;:&quot;numbers_and_prev_next&quot;,&quot;classic_columns&quot;:&quot;3&quot;,&quot;classic_columns_tablet&quot;:&quot;2&quot;,&quot;classic_columns_mobile&quot;:&quot;1&quot;,&quot;classic_row_gap_laptop&quot;:{&quot;unit&quot;:&quot;px&quot;,&quot;size&quot;:&quot;&quot;,&quot;sizes&quot;:[]},&quot;classic_row_gap_tablet&quot;:{&quot;unit&quot;:&quot;px&quot;,&quot;size&quot;:&quot;&quot;,&quot;sizes&quot;:[]},&quot;classic_row_gap_mobile&quot;:{&quot;unit&quot;:&quot;px&quot;,&quot;size&quot;:&quot;&quot;,&quot;sizes&quot;:[]}}\" data-widget_type=\"posts.classic\">\n\t\t\t\t<div class=\"elementor-widget-container\">\n\t\t\t\t\t\t\t<div class=\"elementor-posts-container elementor-posts elementor-posts--skin-classic elementor-grid\">\n\t\t\t\t<article class=\"elementor-post elementor-grid-item post-1756 post type-post status-publish format-standard has-post-thumbnail hentry category-nonprofit-en\">\n\t\t\t\t<a class=\"elementor-post__thumbnail__link\" href=\"https:\/\/nonprofitpartner.hu\/en\/overview-and-inspiration-survey-on-the-corporate-social-responsibility-practices-in-hungary\/\" tabindex=\"-1\" >\n\t\t\t<div class=\"elementor-post__thumbnail\"><img fetchpriority=\"high\" decoding=\"async\" width=\"950\" height=\"521\" src=\"https:\/\/nonprofitpartner.hu\/wp-content\/uploads\/2024\/08\/csr-activities.webp\" class=\"attachment-full size-full wp-image-1826\" alt=\"csr activities\" srcset=\"https:\/\/nonprofitpartner.hu\/wp-content\/uploads\/2024\/08\/csr-activities.webp 950w, https:\/\/nonprofitpartner.hu\/wp-content\/uploads\/2024\/08\/csr-activities-700x384.webp 700w, https:\/\/nonprofitpartner.hu\/wp-content\/uploads\/2024\/08\/csr-activities-300x165.webp 300w, https:\/\/nonprofitpartner.hu\/wp-content\/uploads\/2024\/08\/csr-activities-768x421.webp 768w\" sizes=\"(max-width: 950px) 100vw, 950px\" \/><\/div>\n\t\t<\/a>\n\t\t\t\t<div class=\"elementor-post__text\">\n\t\t\t\t<h3 class=\"elementor-post__title\">\n\t\t\t<a href=\"https:\/\/nonprofitpartner.hu\/en\/overview-and-inspiration-survey-on-the-corporate-social-responsibility-practices-in-hungary\/\" >\n\t\t\t\tOverview and inspiration: survey on the corporate social responsibility practices in Hungary\t\t\t<\/a>\n\t\t<\/h3>\n\t\t\t\t<div class=\"elementor-post__excerpt\">\n\t\t\t<p>Authors:&nbsp;Bogl\u00e1rka D\u0151ry, D\u00f3ra Hars\u00e1nyi, Katalin Porubcs\u00e1nszki (IFUA Nonprofit Partner Public Benefit Non-profit Private Ltd.) Data visualization:&nbsp;Alex Lajtos (IFUA Horv\u00e1th &amp; Partners)<\/p>\n\t\t<\/div>\n\t\t\n\t\t<a class=\"elementor-post__read-more\" href=\"https:\/\/nonprofitpartner.hu\/en\/overview-and-inspiration-survey-on-the-corporate-social-responsibility-practices-in-hungary\/\" aria-label=\"Read more about Overview and inspiration: survey on the corporate social responsibility practices in Hungary\" tabindex=\"-1\" >\n\t\t\tRead more \u00bb\t\t<\/a>\n\n\t\t\t\t<\/div>\n\t\t\t\t<\/article>\n\t\t\t\t<article class=\"elementor-post elementor-grid-item post-1754 post type-post status-publish format-standard has-post-thumbnail hentry category-nonprofit-en\">\n\t\t\t\t<a class=\"elementor-post__thumbnail__link\" href=\"https:\/\/nonprofitpartner.hu\/en\/corporate-volunteering-an-efficient-tool-of-employee-retention\/\" tabindex=\"-1\" >\n\t\t\t<div class=\"elementor-post__thumbnail\"><img decoding=\"async\" width=\"1024\" height=\"683\" src=\"https:\/\/nonprofitpartner.hu\/wp-content\/uploads\/2024\/08\/dakota-corbin-best-gift.webp\" class=\"attachment-full size-full wp-image-1391\" alt=\"\" srcset=\"https:\/\/nonprofitpartner.hu\/wp-content\/uploads\/2024\/08\/dakota-corbin-best-gift.webp 1024w, https:\/\/nonprofitpartner.hu\/wp-content\/uploads\/2024\/08\/dakota-corbin-best-gift-700x467.webp 700w, https:\/\/nonprofitpartner.hu\/wp-content\/uploads\/2024\/08\/dakota-corbin-best-gift-300x200.webp 300w, https:\/\/nonprofitpartner.hu\/wp-content\/uploads\/2024\/08\/dakota-corbin-best-gift-768x512.webp 768w\" sizes=\"(max-width: 1024px) 100vw, 1024px\" \/><\/div>\n\t\t<\/a>\n\t\t\t\t<div class=\"elementor-post__text\">\n\t\t\t\t<h3 class=\"elementor-post__title\">\n\t\t\t<a href=\"https:\/\/nonprofitpartner.hu\/en\/corporate-volunteering-an-efficient-tool-of-employee-retention\/\" >\n\t\t\t\tCorporate volunteering: an efficient tool of employee retention\t\t\t<\/a>\n\t\t<\/h3>\n\t\t\t\t<div class=\"elementor-post__excerpt\">\n\t\t\t<p>Written by: Katalin Porubcs\u00e1nszki (manager of IFUA Nonprofit Partner) Due to the perceivable labour shortage and fluctuation in several sectors, companies<\/p>\n\t\t<\/div>\n\t\t\n\t\t<a class=\"elementor-post__read-more\" href=\"https:\/\/nonprofitpartner.hu\/en\/corporate-volunteering-an-efficient-tool-of-employee-retention\/\" aria-label=\"Read more about Corporate volunteering: an efficient tool of employee retention\" tabindex=\"-1\" >\n\t\t\tRead more \u00bb\t\t<\/a>\n\n\t\t\t\t<\/div>\n\t\t\t\t<\/article>\n\t\t\t\t<article class=\"elementor-post elementor-grid-item post-1752 post type-post status-publish format-standard has-post-thumbnail hentry category-nonprofit-en\">\n\t\t\t\t<a class=\"elementor-post__thumbnail__link\" href=\"https:\/\/nonprofitpartner.hu\/en\/what-can-we-learn-from-the-managers-of-non-profit-organisations\/\" tabindex=\"-1\" >\n\t\t\t<div class=\"elementor-post__thumbnail\"><img decoding=\"async\" width=\"2560\" height=\"958\" src=\"https:\/\/nonprofitpartner.hu\/wp-content\/uploads\/2024\/08\/kerekasztal-beszelgetes-scaled.webp\" class=\"attachment-full size-full wp-image-1395\" alt=\"\" srcset=\"https:\/\/nonprofitpartner.hu\/wp-content\/uploads\/2024\/08\/kerekasztal-beszelgetes-scaled.webp 2560w, https:\/\/nonprofitpartner.hu\/wp-content\/uploads\/2024\/08\/kerekasztal-beszelgetes-700x262.webp 700w, https:\/\/nonprofitpartner.hu\/wp-content\/uploads\/2024\/08\/kerekasztal-beszelgetes-1024x383.webp 1024w, https:\/\/nonprofitpartner.hu\/wp-content\/uploads\/2024\/08\/kerekasztal-beszelgetes-300x112.webp 300w, https:\/\/nonprofitpartner.hu\/wp-content\/uploads\/2024\/08\/kerekasztal-beszelgetes-768x287.webp 768w, https:\/\/nonprofitpartner.hu\/wp-content\/uploads\/2024\/08\/kerekasztal-beszelgetes-1536x575.webp 1536w, https:\/\/nonprofitpartner.hu\/wp-content\/uploads\/2024\/08\/kerekasztal-beszelgetes-2048x766.webp 2048w\" sizes=\"(max-width: 2560px) 100vw, 2560px\" \/><\/div>\n\t\t<\/a>\n\t\t\t\t<div class=\"elementor-post__text\">\n\t\t\t\t<h3 class=\"elementor-post__title\">\n\t\t\t<a href=\"https:\/\/nonprofitpartner.hu\/en\/what-can-we-learn-from-the-managers-of-non-profit-organisations\/\" >\n\t\t\t\tWhat can we learn from the managers of non-profit organisations?\t\t\t<\/a>\n\t\t<\/h3>\n\t\t\t\t<div class=\"elementor-post__excerpt\">\n\t\t\t<p>In exchange to the professional help received from business organisations, non-profits can contribute to, most of all, employee satisfaction and bettermarket<\/p>\n\t\t<\/div>\n\t\t\n\t\t<a class=\"elementor-post__read-more\" href=\"https:\/\/nonprofitpartner.hu\/en\/what-can-we-learn-from-the-managers-of-non-profit-organisations\/\" aria-label=\"Read more about What can we learn from the managers of non-profit organisations?\" tabindex=\"-1\" >\n\t\t\tRead more \u00bb\t\t<\/a>\n\n\t\t\t\t<\/div>\n\t\t\t\t<\/article>\n\t\t\t\t<article class=\"elementor-post elementor-grid-item post-1755 post type-post status-publish format-standard has-post-thumbnail hentry category-nonprofit-en\">\n\t\t\t\t<a class=\"elementor-post__thumbnail__link\" href=\"https:\/\/nonprofitpartner.hu\/en\/ensie-european-seminar-about-social-enterprises-conference-summary\/\" tabindex=\"-1\" >\n\t\t\t<div class=\"elementor-post__thumbnail\"><img loading=\"lazy\" decoding=\"async\" width=\"2560\" height=\"1105\" src=\"https:\/\/nonprofitpartner.hu\/wp-content\/uploads\/2024\/08\/ensie-szeminarium-scaled.webp\" class=\"attachment-full size-full wp-image-1389\" alt=\"\" srcset=\"https:\/\/nonprofitpartner.hu\/wp-content\/uploads\/2024\/08\/ensie-szeminarium-scaled.webp 2560w, https:\/\/nonprofitpartner.hu\/wp-content\/uploads\/2024\/08\/ensie-szeminarium-700x302.webp 700w, https:\/\/nonprofitpartner.hu\/wp-content\/uploads\/2024\/08\/ensie-szeminarium-1024x442.webp 1024w, https:\/\/nonprofitpartner.hu\/wp-content\/uploads\/2024\/08\/ensie-szeminarium-300x130.webp 300w, https:\/\/nonprofitpartner.hu\/wp-content\/uploads\/2024\/08\/ensie-szeminarium-768x332.webp 768w, https:\/\/nonprofitpartner.hu\/wp-content\/uploads\/2024\/08\/ensie-szeminarium-1536x663.webp 1536w, https:\/\/nonprofitpartner.hu\/wp-content\/uploads\/2024\/08\/ensie-szeminarium-2048x884.webp 2048w\" sizes=\"(max-width: 2560px) 100vw, 2560px\" \/><\/div>\n\t\t<\/a>\n\t\t\t\t<div class=\"elementor-post__text\">\n\t\t\t\t<h3 class=\"elementor-post__title\">\n\t\t\t<a href=\"https:\/\/nonprofitpartner.hu\/en\/ensie-european-seminar-about-social-enterprises-conference-summary\/\" >\n\t\t\t\tENSIE European seminar about social enterprises \u2013 conference summary\t\t\t<\/a>\n\t\t<\/h3>\n\t\t\t\t<div class=\"elementor-post__excerpt\">\n\t\t\t<p>The cooperation among social enterprises is a key step to reinforce this sector. Beside the community of researchers and experts, the<\/p>\n\t\t<\/div>\n\t\t\n\t\t<a class=\"elementor-post__read-more\" href=\"https:\/\/nonprofitpartner.hu\/en\/ensie-european-seminar-about-social-enterprises-conference-summary\/\" aria-label=\"Read more about ENSIE European seminar about social enterprises \u2013 conference summary\" tabindex=\"-1\" >\n\t\t\tRead more \u00bb\t\t<\/a>\n\n\t\t\t\t<\/div>\n\t\t\t\t<\/article>\n\t\t\t\t<article class=\"elementor-post elementor-grid-item post-1753 post type-post status-publish format-standard has-post-thumbnail hentry category-nonprofit-en\">\n\t\t\t\t<a class=\"elementor-post__thumbnail__link\" href=\"https:\/\/nonprofitpartner.hu\/en\/pilnet-european-convening-summary-of-future-challenges-of-pro-bono-activities\/\" tabindex=\"-1\" >\n\t\t\t<div class=\"elementor-post__thumbnail\"><img loading=\"lazy\" decoding=\"async\" width=\"2043\" height=\"931\" src=\"https:\/\/nonprofitpartner.hu\/wp-content\/uploads\/2024\/08\/pilnet-europai-talalkozo.webp\" class=\"attachment-full size-full wp-image-1393\" alt=\"\" srcset=\"https:\/\/nonprofitpartner.hu\/wp-content\/uploads\/2024\/08\/pilnet-europai-talalkozo.webp 2043w, https:\/\/nonprofitpartner.hu\/wp-content\/uploads\/2024\/08\/pilnet-europai-talalkozo-700x319.webp 700w, https:\/\/nonprofitpartner.hu\/wp-content\/uploads\/2024\/08\/pilnet-europai-talalkozo-1024x467.webp 1024w, https:\/\/nonprofitpartner.hu\/wp-content\/uploads\/2024\/08\/pilnet-europai-talalkozo-300x137.webp 300w, https:\/\/nonprofitpartner.hu\/wp-content\/uploads\/2024\/08\/pilnet-europai-talalkozo-768x350.webp 768w, https:\/\/nonprofitpartner.hu\/wp-content\/uploads\/2024\/08\/pilnet-europai-talalkozo-1536x700.webp 1536w\" sizes=\"(max-width: 2043px) 100vw, 2043px\" \/><\/div>\n\t\t<\/a>\n\t\t\t\t<div class=\"elementor-post__text\">\n\t\t\t\t<h3 class=\"elementor-post__title\">\n\t\t\t<a href=\"https:\/\/nonprofitpartner.hu\/en\/pilnet-european-convening-summary-of-future-challenges-of-pro-bono-activities\/\" >\n\t\t\t\tPILnet European Convening \u2013 summary of future challenges of pro bono activities\t\t\t<\/a>\n\t\t<\/h3>\n\t\t\t\t<div class=\"elementor-post__excerpt\">\n\t\t\t<p>New methodological approaches and technical tools can multiply the effect of pro bono activities \u2013 but every stakeholder has still to<\/p>\n\t\t<\/div>\n\t\t\n\t\t<a class=\"elementor-post__read-more\" href=\"https:\/\/nonprofitpartner.hu\/en\/pilnet-european-convening-summary-of-future-challenges-of-pro-bono-activities\/\" aria-label=\"Read more about PILnet European Convening \u2013 summary of future challenges of pro bono activities\" tabindex=\"-1\" >\n\t\t\tRead more \u00bb\t\t<\/a>\n\n\t\t\t\t<\/div>\n\t\t\t\t<\/article>\n\t\t\t\t<\/div>\n\t\t\n\t\t\t\t\t\t<\/div>\n\t\t\t\t<\/div>\n\t\t\t\t\t<\/div>\n\t\t\t\t<\/div>\n\t\t\t\t<\/div>\n\t\t","protected":false},"excerpt":{"rendered":"<p>Articles<\/p>\n","protected":false},"author":1,"featured_media":0,"parent":0,"menu_order":0,"comment_status":"closed","ping_status":"closed","template":"","meta":{"footnotes":""},"class_list":["post-1745","page","type-page","status-publish","hentry"],"yoast_head":"<!-- This site is optimized with the Yoast SEO plugin v24.8.1 - https:\/\/yoast.com\/wordpress\/plugins\/seo\/ -->\n<title>Articles - IFUA Nonprofit Partner<\/title>\n<meta name=\"description\" content=\"Our goal is the development of the nonprofit and civil sector: increasing the efficiency and effectiveness of organizations.\" \/>\n<meta name=\"robots\" content=\"index, nofollow, max-snippet:-1, max-image-preview:large, max-video-preview:-1\" \/>\n<link rel=\"canonical\" href=\"https:\/\/nonprofitpartner.hu\/en\/articles\/\" \/>\n<meta property=\"og:locale\" content=\"en_US\" \/>\n<meta property=\"og:type\" content=\"article\" \/>\n<meta property=\"og:title\" content=\"Articles - IFUA Nonprofit Partner\" \/>\n<meta property=\"og:description\" content=\"Our goal is the development of the nonprofit and civil sector: increasing the efficiency and effectiveness of organizations.\" \/>\n<meta property=\"og:url\" content=\"https:\/\/nonprofitpartner.hu\/en\/articles\/\" \/>\n<meta property=\"og:site_name\" content=\"IFUA Nonprofit Partner\" \/>\n<meta property=\"article:modified_time\" content=\"2024-10-29T15:53:15+00:00\" \/>\n<meta property=\"og:image\" content=\"https:\/\/nonprofitpartner.hu\/wp-content\/uploads\/2024\/08\/ifua-csapat-1.jpg\" \/>\n<meta name=\"twitter:card\" content=\"summary_large_image\" \/>\n<meta name=\"twitter:label1\" content=\"Est. reading time\" \/>\n\t<meta name=\"twitter:data1\" content=\"6 minutes\" \/>\n<script type=\"application\/ld+json\" class=\"yoast-schema-graph\">{\"@context\":\"https:\/\/schema.org\",\"@graph\":[{\"@type\":\"WebPage\",\"@id\":\"https:\/\/nonprofitpartner.hu\/en\/articles\/\",\"url\":\"https:\/\/nonprofitpartner.hu\/en\/articles\/\",\"name\":\"Articles - IFUA Nonprofit Partner\",\"isPartOf\":{\"@id\":\"https:\/\/nonprofitpartner.hu\/en\/#website\"},\"datePublished\":\"2024-06-03T12:08:33+00:00\",\"dateModified\":\"2024-10-29T15:53:15+00:00\",\"description\":\"Our goal is the development of the nonprofit and civil sector: increasing the efficiency and effectiveness of organizations.\",\"breadcrumb\":{\"@id\":\"https:\/\/nonprofitpartner.hu\/en\/articles\/#breadcrumb\"},\"inLanguage\":\"en-US\",\"potentialAction\":[{\"@type\":\"ReadAction\",\"target\":[\"https:\/\/nonprofitpartner.hu\/en\/articles\/\"]}]},{\"@type\":\"BreadcrumbList\",\"@id\":\"https:\/\/nonprofitpartner.hu\/en\/articles\/#breadcrumb\",\"itemListElement\":[{\"@type\":\"ListItem\",\"position\":1,\"name\":\"Home\",\"item\":\"https:\/\/nonprofitpartner.hu\/en\/\"},{\"@type\":\"ListItem\",\"position\":2,\"name\":\"Articles\"}]},{\"@type\":\"WebSite\",\"@id\":\"https:\/\/nonprofitpartner.hu\/en\/#website\",\"url\":\"https:\/\/nonprofitpartner.hu\/en\/\",\"name\":\"IFUA Nonprofit Partner\",\"description\":\"Our goal is the development of the nonprofit and civil sector\",\"publisher\":{\"@id\":\"https:\/\/nonprofitpartner.hu\/en\/#organization\"},\"alternateName\":\"IFUA\",\"potentialAction\":[{\"@type\":\"SearchAction\",\"target\":{\"@type\":\"EntryPoint\",\"urlTemplate\":\"https:\/\/nonprofitpartner.hu\/en\/?s={search_term_string}\"},\"query-input\":{\"@type\":\"PropertyValueSpecification\",\"valueRequired\":true,\"valueName\":\"search_term_string\"}}],\"inLanguage\":\"en-US\"},{\"@type\":\"Organization\",\"@id\":\"https:\/\/nonprofitpartner.hu\/en\/#organization\",\"name\":\"IFUA Nonprofit Partner Public Benefit Nonprofit Private Ltd.\",\"alternateName\":\"IFUA Nonprofit\",\"url\":\"https:\/\/nonprofitpartner.hu\/en\/\",\"logo\":{\"@type\":\"ImageObject\",\"inLanguage\":\"en-US\",\"@id\":\"https:\/\/nonprofitpartner.hu\/en\/#\/schema\/logo\/image\/\",\"url\":\"https:\/\/nonprofitpartner.hu\/wp-content\/uploads\/2024\/06\/ifua-logo.svg\",\"contentUrl\":\"https:\/\/nonprofitpartner.hu\/wp-content\/uploads\/2024\/06\/ifua-logo.svg\",\"width\":180,\"height\":50,\"caption\":\"IFUA Nonprofit Partner Public Benefit Nonprofit Private Ltd.\"},\"image\":{\"@id\":\"https:\/\/nonprofitpartner.hu\/en\/#\/schema\/logo\/image\/\"}}]}<\/script>\n<!-- \/ Yoast SEO plugin. -->","yoast_head_json":{"title":"Articles - IFUA Nonprofit Partner","description":"Our goal is the development of the nonprofit and civil sector: increasing the efficiency and effectiveness of organizations.","robots":{"index":"index","follow":"nofollow","max-snippet":"max-snippet:-1","max-image-preview":"max-image-preview:large","max-video-preview":"max-video-preview:-1"},"canonical":"https:\/\/nonprofitpartner.hu\/en\/articles\/","og_locale":"en_US","og_type":"article","og_title":"Articles - IFUA Nonprofit Partner","og_description":"Our goal is the development of the nonprofit and civil sector: increasing the efficiency and effectiveness of organizations.","og_url":"https:\/\/nonprofitpartner.hu\/en\/articles\/","og_site_name":"IFUA Nonprofit Partner","article_modified_time":"2024-10-29T15:53:15+00:00","og_image":[{"url":"https:\/\/nonprofitpartner.hu\/wp-content\/uploads\/2024\/08\/ifua-csapat-1.jpg","type":"","width":"","height":""}],"twitter_card":"summary_large_image","twitter_misc":{"Est. reading time":"6 minutes"},"schema":{"@context":"https:\/\/schema.org","@graph":[{"@type":"WebPage","@id":"https:\/\/nonprofitpartner.hu\/en\/articles\/","url":"https:\/\/nonprofitpartner.hu\/en\/articles\/","name":"Articles - IFUA Nonprofit Partner","isPartOf":{"@id":"https:\/\/nonprofitpartner.hu\/en\/#website"},"datePublished":"2024-06-03T12:08:33+00:00","dateModified":"2024-10-29T15:53:15+00:00","description":"Our goal is the development of the nonprofit and civil sector: increasing the efficiency and effectiveness of organizations.","breadcrumb":{"@id":"https:\/\/nonprofitpartner.hu\/en\/articles\/#breadcrumb"},"inLanguage":"en-US","potentialAction":[{"@type":"ReadAction","target":["https:\/\/nonprofitpartner.hu\/en\/articles\/"]}]},{"@type":"BreadcrumbList","@id":"https:\/\/nonprofitpartner.hu\/en\/articles\/#breadcrumb","itemListElement":[{"@type":"ListItem","position":1,"name":"Home","item":"https:\/\/nonprofitpartner.hu\/en\/"},{"@type":"ListItem","position":2,"name":"Articles"}]},{"@type":"WebSite","@id":"https:\/\/nonprofitpartner.hu\/en\/#website","url":"https:\/\/nonprofitpartner.hu\/en\/","name":"IFUA Nonprofit Partner","description":"Our goal is the development of the nonprofit and civil sector","publisher":{"@id":"https:\/\/nonprofitpartner.hu\/en\/#organization"},"alternateName":"IFUA","potentialAction":[{"@type":"SearchAction","target":{"@type":"EntryPoint","urlTemplate":"https:\/\/nonprofitpartner.hu\/en\/?s={search_term_string}"},"query-input":{"@type":"PropertyValueSpecification","valueRequired":true,"valueName":"search_term_string"}}],"inLanguage":"en-US"},{"@type":"Organization","@id":"https:\/\/nonprofitpartner.hu\/en\/#organization","name":"IFUA Nonprofit Partner Public Benefit Nonprofit Private Ltd.","alternateName":"IFUA Nonprofit","url":"https:\/\/nonprofitpartner.hu\/en\/","logo":{"@type":"ImageObject","inLanguage":"en-US","@id":"https:\/\/nonprofitpartner.hu\/en\/#\/schema\/logo\/image\/","url":"https:\/\/nonprofitpartner.hu\/wp-content\/uploads\/2024\/06\/ifua-logo.svg","contentUrl":"https:\/\/nonprofitpartner.hu\/wp-content\/uploads\/2024\/06\/ifua-logo.svg","width":180,"height":50,"caption":"IFUA Nonprofit Partner Public Benefit Nonprofit Private Ltd."},"image":{"@id":"https:\/\/nonprofitpartner.hu\/en\/#\/schema\/logo\/image\/"}}]}},"_links":{"self":[{"href":"https:\/\/nonprofitpartner.hu\/en\/wp-json\/wp\/v2\/pages\/1745","targetHints":{"allow":["GET"]}}],"collection":[{"href":"https:\/\/nonprofitpartner.hu\/en\/wp-json\/wp\/v2\/pages"}],"about":[{"href":"https:\/\/nonprofitpartner.hu\/en\/wp-json\/wp\/v2\/types\/page"}],"author":[{"embeddable":true,"href":"https:\/\/nonprofitpartner.hu\/en\/wp-json\/wp\/v2\/users\/1"}],"replies":[{"embeddable":true,"href":"https:\/\/nonprofitpartner.hu\/en\/wp-json\/wp\/v2\/comments?post=1745"}],"version-history":[{"count":10,"href":"https:\/\/nonprofitpartner.hu\/en\/wp-json\/wp\/v2\/pages\/1745\/revisions"}],"predecessor-version":[{"id":1786,"href":"https:\/\/nonprofitpartner.hu\/en\/wp-json\/wp\/v2\/pages\/1745\/revisions\/1786"}],"wp:attachment":[{"href":"https:\/\/nonprofitpartner.hu\/en\/wp-json\/wp\/v2\/media?parent=1745"}],"curies":[{"name":"wp","href":"https:\/\/api.w.org\/{rel}","templated":true}]}}